{"id":174,"date":"2025-06-30T15:56:17","date_gmt":"2025-06-30T13:56:17","guid":{"rendered":"https:\/\/asdinclusion.fr\/therapeute\/?page_id=174"},"modified":"2025-06-30T17:31:30","modified_gmt":"2025-06-30T15:31:30","slug":"therapie-jeu","status":"publish","type":"page","link":"https:\/\/asdinclusion.fr\/therapeute\/therapie-jeu\/","title":{"rendered":"Therapie jeu"},"content":{"rendered":"\t\t<div data-elementor-type=\"wp-page\" data-elementor-id=\"174\" class=\"elementor elementor-174\">\n\t\t\t\t<div class=\"elementor-element elementor-element-2159649 e-flex e-con-boxed e-con e-parent\" data-id=\"2159649\" data-element_type=\"container\" data-e-type=\"container\">\n\t\t\t\t\t<div class=\"e-con-inner\">\n\t\t\t\t<div class=\"elementor-element elementor-element-92b7bd1 elementor-widget__width-initial elementor-widget elementor-widget-image\" data-id=\"92b7bd1\" data-element_type=\"widget\" data-e-type=\"widget\" data-widget_type=\"image.default\">\n\t\t\t\t<div class=\"elementor-widget-container\">\n\t\t\t\t\t\t\t\t\t\t\t\t\t\t\t<img fetchpriority=\"high\" decoding=\"async\" width=\"612\" height=\"490\" src=\"https:\/\/asdinclusion.fr\/therapeute\/wp-content\/uploads\/2025\/06\/PHOTO-2025-06-27-18-10-02.jpg\" class=\"attachment-large size-large wp-image-200\" alt=\"\" srcset=\"https:\/\/asdinclusion.fr\/therapeute\/wp-content\/uploads\/2025\/06\/PHOTO-2025-06-27-18-10-02.jpg 612w, https:\/\/asdinclusion.fr\/therapeute\/wp-content\/uploads\/2025\/06\/PHOTO-2025-06-27-18-10-02-300x240.jpg 300w\" sizes=\"(max-width: 612px) 100vw, 612px\" \/>\t\t\t\t\t\t\t\t\t\t\t\t\t\t\t<\/div>\n\t\t\t\t<\/div>\n\t\t\t\t<div class=\"elementor-element elementor-element-91041bc elementor-widget elementor-widget-text-editor\" data-id=\"91041bc\" data-element_type=\"widget\" data-e-type=\"widget\" data-widget_type=\"text-editor.default\">\n\t\t\t\t<div class=\"elementor-widget-container\">\n\t\t\t\t\t\t\t\t\t<p><strong>Th\u00e9rapie pour enfants \u2013 Une approche personnalis\u00e9e<\/strong><\/p><p>Chez Asdinclusion, la prise en charge des enfants est adapt\u00e9e \u00e0 leur \u00e2ge, leur niveau de d\u00e9veloppement et leur disponibilit\u00e9 \u00e9motionnelle. Lorsqu\u2019un enfant rencontre des difficult\u00e9s, notre priorit\u00e9 est de comprendre l\u2019origine de son mal-\u00eatre ou de ses comportements. Nous partons du principe que tous les enfants souhaitent r\u00e9ussir et bien se comporter. Cependant, ils n\u2019ont pas toujours les mots ou les outils pour exprimer ce qu\u2019ils vivent.<\/p><p><strong>Les difficult\u00e9s que nous rencontrons le plus souvent incluent :<\/strong><\/p><ul><li>des troubles \u00e9motionnels (col\u00e8re, tristesse, anxi\u00e9t\u00e9),<\/li><li>des probl\u00e8mes de r\u00e9gulation \u00e9motionnelle ou de comportement,<\/li><li>des difficult\u00e9s relationnelles ou scolaires,<\/li><li>des troubles du traitement sensoriel (hyper- ou hypo-sensibilit\u00e9),<\/li><li>ou encore des sympt\u00f4mes associ\u00e9s \u00e0 des diagnostics comme :<ul><li>le TDAH (trouble de l\u2019attention avec ou sans hyperactivit\u00e9),<\/li><li>les troubles anxieux,<\/li><li>les troubles du spectre autistique (TSA),<\/li><li>la d\u00e9pression,<\/li><li>ou le trouble obsessionnel-compulsif (TOC).<\/li><\/ul><\/li><\/ul><p>Ces situations, m\u00eame fr\u00e9quentes, peuvent engendrer des r\u00e9actions qui d\u00e9stabilisent l\u2019entourage : agitation, isolement, refus de communiquer ou oppositions.<\/p><p><strong>\ud83e\udde0 Le r\u00f4le du th\u00e9rapeute pour enfants<\/strong><\/p><p>Le travail du th\u00e9rapeute consiste d\u2019abord \u00e0 identifier les blocages qui emp\u00eachent l\u2019enfant d\u2019aller bien. Cela demande parfois du temps et une approche subtile \u2013 nous appelons cela notre \u00ab\u00a0travail de d\u00e9tective\u00a0\u00bb.<\/p><p>Une fois les obstacles mieux compris, nous mettons en place un accompagnement sur mesure. Les s\u00e9ances peuvent inclure :<\/p><ul><li>de la th\u00e9rapie par la parole (adapt\u00e9e au niveau de langage de l\u2019enfant),<\/li><li>de la th\u00e9rapie par le jeu (souvent utilis\u00e9e avec les plus jeunes),<\/li><li>ou de la th\u00e9rapie par l\u2019art (dessin, peinture, mise en sc\u00e8ne&#8230;).<\/li><\/ul><p>\ud83c\udfaf <strong>Une approche centr\u00e9e sur l\u2019enfant<\/strong><\/p><p>Notre m\u00e9thode est centr\u00e9e sur les forces de l\u2019enfant. Nous ajustons notre langage, nos outils et nos objectifs \u00e0 sa fa\u00e7on d\u2019apprendre, de comprendre et de r\u00e9agir. Cela permet d\u2019installer une relation de confiance et d\u2019assurer une \u00e9volution durable.<\/p><p>Les strat\u00e9gies personnalis\u00e9es, bas\u00e9es sur les besoins sp\u00e9cifiques de l\u2019enfant, sont souvent plus efficaces \u00e0 long terme. Elles permettent aussi d\u2019impliquer les parents et les \u00e9ducateurs dans un cadre de collaboration positive.<\/p>\t\t\t\t\t\t\t\t<\/div>\n\t\t\t\t<\/div>\n\t\t\t\t<div class=\"elementor-element elementor-element-8bc2ed7 elementor-widget__width-initial elementor-widget elementor-widget-image\" data-id=\"8bc2ed7\" data-element_type=\"widget\" data-e-type=\"widget\" data-widget_type=\"image.default\">\n\t\t\t\t<div class=\"elementor-widget-container\">\n\t\t\t\t\t\t\t\t\t\t\t\t\t\t\t<img decoding=\"async\" width=\"320\" height=\"213\" src=\"https:\/\/asdinclusion.fr\/therapeute\/wp-content\/uploads\/2025\/06\/PHOTO-2025-06-27-17-49-05.jpg\" class=\"attachment-large size-large wp-image-199\" alt=\"\" srcset=\"https:\/\/asdinclusion.fr\/therapeute\/wp-content\/uploads\/2025\/06\/PHOTO-2025-06-27-17-49-05.jpg 320w, https:\/\/asdinclusion.fr\/therapeute\/wp-content\/uploads\/2025\/06\/PHOTO-2025-06-27-17-49-05-300x200.jpg 300w\" sizes=\"(max-width: 320px) 100vw, 320px\" \/>\t\t\t\t\t\t\t\t\t\t\t\t\t\t\t<\/div>\n\t\t\t\t<\/div>\n\t\t\t\t\t<\/div>\n\t\t\t\t<\/div>\n\t\t\t\t<\/div>\n\t\t","protected":false},"excerpt":{"rendered":"<p>Th\u00e9rapie pour enfants \u2013 Une approche personnalis\u00e9e Chez Asdinclusion, la prise en charge des enfants est adapt\u00e9e \u00e0 leur \u00e2ge, [&hellip;]<\/p>\n","protected":false},"author":1,"featured_media":0,"parent":0,"menu_order":0,"comment_status":"closed","ping_status":"closed","template":"","meta":{"site-sidebar-layout":"no-sidebar","site-content-layout":"","ast-site-content-layout":"full-width-container","site-content-style":"default","site-sidebar-style":"default","ast-global-header-display":"","ast-banner-title-visibility":"","ast-main-header-display":"","ast-hfb-above-header-display":"","ast-hfb-below-header-display":"","ast-hfb-mobile-header-display":"","site-post-title":"disabled","ast-breadcrumbs-content":"","ast-featured-img":"disabled","footer-sml-layout":"","theme-transparent-header-meta":"","adv-header-id-meta":"","stick-header-meta":"","header-above-stick-meta":"","header-main-stick-meta":"","header-below-stick-meta":"","astra-migrate-meta-layouts":"default","ast-page-background-enabled":"default","ast-page-background-meta":{"desktop":{"background-color":"var(--ast-global-color-4)","background-image":"","background-repeat":"repeat","background-position":"center center","background-size":"auto","background-attachment":"scroll","background-type":"","background-media":"","overlay-type":"","overlay-color":"","overlay-opacity":"","overlay-gradient":""},"tablet":{"background-color":"","background-image":"","background-repeat":"repeat","background-position":"center center","background-size":"auto","background-attachment":"scroll","background-type":"","background-media":"","overlay-type":"","overlay-color":"","overlay-opacity":"","overlay-gradient":""},"mobile":{"background-color":"","background-image":"","background-repeat":"repeat","background-position":"center center","background-size":"auto","background-attachment":"scroll","background-type":"","background-media":"","overlay-type":"","overlay-color":"","overlay-opacity":"","overlay-gradient":""}},"ast-content-background-meta":{"desktop":{"background-color":"var(--ast-global-color-5)","background-image":"","background-repeat":"repeat","background-position":"center center","background-size":"auto","background-attachment":"scroll","background-type":"","background-media":"","overlay-type":"","overlay-color":"","overlay-opacity":"","overlay-gradient":""},"tablet":{"background-color":"var(--ast-global-color-5)","background-image":"","background-repeat":"repeat","background-position":"center center","background-size":"auto","background-attachment":"scroll","background-type":"","background-media":"","overlay-type":"","overlay-color":"","overlay-opacity":"","overlay-gradient":""},"mobile":{"background-color":"var(--ast-global-color-5)","background-image":"","background-repeat":"repeat","background-position":"center center","background-size":"auto","background-attachment":"scroll","background-type":"","background-media":"","overlay-type":"","overlay-color":"","overlay-opacity":"","overlay-gradient":""}},"footnotes":""},"class_list":["post-174","page","type-page","status-publish","hentry"],"yoast_head":"<!-- This site is optimized with the Yoast SEO plugin v27.5 - https:\/\/yoast.com\/product\/yoast-seo-wordpress\/ -->\n<title>Therapie jeu - ASD INCLUSION<\/title>\n<meta name=\"robots\" content=\"index, follow, max-snippet:-1, max-image-preview:large, max-video-preview:-1\" \/>\n<link rel=\"canonical\" href=\"https:\/\/asdinclusion.fr\/therapeute\/therapie-jeu\/\" \/>\n<meta property=\"og:locale\" content=\"fr_FR\" \/>\n<meta property=\"og:type\" content=\"article\" \/>\n<meta property=\"og:title\" content=\"Therapie jeu - ASD INCLUSION\" \/>\n<meta property=\"og:description\" content=\"Th\u00e9rapie pour enfants \u2013 Une approche personnalis\u00e9e Chez Asdinclusion, la prise en charge des enfants est adapt\u00e9e \u00e0 leur \u00e2ge, [&hellip;]\" \/>\n<meta property=\"og:url\" content=\"https:\/\/asdinclusion.fr\/therapeute\/therapie-jeu\/\" \/>\n<meta property=\"og:site_name\" content=\"ASD INCLUSION\" \/>\n<meta property=\"article:modified_time\" content=\"2025-06-30T15:31:30+00:00\" \/>\n<meta property=\"og:image\" content=\"https:\/\/asdinclusion.fr\/therapeute\/wp-content\/uploads\/2025\/06\/PHOTO-2025-06-27-18-10-02.jpg\" \/>\n\t<meta property=\"og:image:width\" content=\"612\" \/>\n\t<meta property=\"og:image:height\" content=\"490\" \/>\n\t<meta property=\"og:image:type\" content=\"image\/jpeg\" \/>\n<meta name=\"twitter:card\" content=\"summary_large_image\" \/>\n<meta name=\"twitter:label1\" content=\"Dur\u00e9e de lecture estim\u00e9e\" \/>\n\t<meta name=\"twitter:data1\" content=\"2 minutes\" \/>\n<script type=\"application\/ld+json\" class=\"yoast-schema-graph\">{\"@context\":\"https:\\\/\\\/schema.org\",\"@graph\":[{\"@type\":\"WebPage\",\"@id\":\"https:\\\/\\\/asdinclusion.fr\\\/therapeute\\\/therapie-jeu\\\/\",\"url\":\"https:\\\/\\\/asdinclusion.fr\\\/therapeute\\\/therapie-jeu\\\/\",\"name\":\"Therapie jeu - ASD INCLUSION\",\"isPartOf\":{\"@id\":\"https:\\\/\\\/asdinclusion.fr\\\/therapeute\\\/#website\"},\"primaryImageOfPage\":{\"@id\":\"https:\\\/\\\/asdinclusion.fr\\\/therapeute\\\/therapie-jeu\\\/#primaryimage\"},\"image\":{\"@id\":\"https:\\\/\\\/asdinclusion.fr\\\/therapeute\\\/therapie-jeu\\\/#primaryimage\"},\"thumbnailUrl\":\"https:\\\/\\\/asdinclusion.fr\\\/therapeute\\\/wp-content\\\/uploads\\\/2025\\\/06\\\/PHOTO-2025-06-27-18-10-02.jpg\",\"datePublished\":\"2025-06-30T13:56:17+00:00\",\"dateModified\":\"2025-06-30T15:31:30+00:00\",\"breadcrumb\":{\"@id\":\"https:\\\/\\\/asdinclusion.fr\\\/therapeute\\\/therapie-jeu\\\/#breadcrumb\"},\"inLanguage\":\"fr-FR\",\"potentialAction\":[{\"@type\":\"ReadAction\",\"target\":[\"https:\\\/\\\/asdinclusion.fr\\\/therapeute\\\/therapie-jeu\\\/\"]}]},{\"@type\":\"ImageObject\",\"inLanguage\":\"fr-FR\",\"@id\":\"https:\\\/\\\/asdinclusion.fr\\\/therapeute\\\/therapie-jeu\\\/#primaryimage\",\"url\":\"https:\\\/\\\/asdinclusion.fr\\\/therapeute\\\/wp-content\\\/uploads\\\/2025\\\/06\\\/PHOTO-2025-06-27-18-10-02.jpg\",\"contentUrl\":\"https:\\\/\\\/asdinclusion.fr\\\/therapeute\\\/wp-content\\\/uploads\\\/2025\\\/06\\\/PHOTO-2025-06-27-18-10-02.jpg\",\"width\":612,\"height\":490},{\"@type\":\"BreadcrumbList\",\"@id\":\"https:\\\/\\\/asdinclusion.fr\\\/therapeute\\\/therapie-jeu\\\/#breadcrumb\",\"itemListElement\":[{\"@type\":\"ListItem\",\"position\":1,\"name\":\"Accueil\",\"item\":\"https:\\\/\\\/asdinclusion.fr\\\/therapeute\\\/\"},{\"@type\":\"ListItem\",\"position\":2,\"name\":\"Therapie jeu\"}]},{\"@type\":\"WebSite\",\"@id\":\"https:\\\/\\\/asdinclusion.fr\\\/therapeute\\\/#website\",\"url\":\"https:\\\/\\\/asdinclusion.fr\\\/therapeute\\\/\",\"name\":\"https:\\\/\\\/asdinclusion.fr\\\/\",\"description\":\"Th\u00e9rapeute pour enfants autistes\",\"publisher\":{\"@id\":\"https:\\\/\\\/asdinclusion.fr\\\/therapeute\\\/#\\\/schema\\\/person\\\/0666669898efe0387cad123cc29f5c83\"},\"potentialAction\":[{\"@type\":\"SearchAction\",\"target\":{\"@type\":\"EntryPoint\",\"urlTemplate\":\"https:\\\/\\\/asdinclusion.fr\\\/therapeute\\\/?s={search_term_string}\"},\"query-input\":{\"@type\":\"PropertyValueSpecification\",\"valueRequired\":true,\"valueName\":\"search_term_string\"}}],\"inLanguage\":\"fr-FR\"},{\"@type\":[\"Person\",\"Organization\"],\"@id\":\"https:\\\/\\\/asdinclusion.fr\\\/therapeute\\\/#\\\/schema\\\/person\\\/0666669898efe0387cad123cc29f5c83\",\"name\":\"asdjohannaowen\",\"image\":{\"@type\":\"ImageObject\",\"inLanguage\":\"fr-FR\",\"@id\":\"https:\\\/\\\/asdinclusion.fr\\\/therapeute\\\/wp-content\\\/uploads\\\/2025\\\/03\\\/LOGOASD.png\",\"url\":\"https:\\\/\\\/asdinclusion.fr\\\/therapeute\\\/wp-content\\\/uploads\\\/2025\\\/03\\\/LOGOASD.png\",\"contentUrl\":\"https:\\\/\\\/asdinclusion.fr\\\/therapeute\\\/wp-content\\\/uploads\\\/2025\\\/03\\\/LOGOASD.png\",\"width\":250,\"height\":97,\"caption\":\"asdjohannaowen\"},\"logo\":{\"@id\":\"https:\\\/\\\/asdinclusion.fr\\\/therapeute\\\/wp-content\\\/uploads\\\/2025\\\/03\\\/LOGOASD.png\"},\"sameAs\":[\"https:\\\/\\\/asdinclusion.fr\\\/therapeute\\\/\"]}]}<\/script>\n<!-- \/ Yoast SEO plugin. -->","yoast_head_json":{"title":"Therapie jeu - ASD INCLUSION","robots":{"index":"index","follow":"follow","max-snippet":"max-snippet:-1","max-image-preview":"max-image-preview:large","max-video-preview":"max-video-preview:-1"},"canonical":"https:\/\/asdinclusion.fr\/therapeute\/therapie-jeu\/","og_locale":"fr_FR","og_type":"article","og_title":"Therapie jeu - ASD INCLUSION","og_description":"Th\u00e9rapie pour enfants \u2013 Une approche personnalis\u00e9e Chez Asdinclusion, la prise en charge des enfants est adapt\u00e9e \u00e0 leur \u00e2ge, [&hellip;]","og_url":"https:\/\/asdinclusion.fr\/therapeute\/therapie-jeu\/","og_site_name":"ASD INCLUSION","article_modified_time":"2025-06-30T15:31:30+00:00","og_image":[{"width":612,"height":490,"url":"https:\/\/asdinclusion.fr\/therapeute\/wp-content\/uploads\/2025\/06\/PHOTO-2025-06-27-18-10-02.jpg","type":"image\/jpeg"}],"twitter_card":"summary_large_image","twitter_misc":{"Dur\u00e9e de lecture estim\u00e9e":"2 minutes"},"schema":{"@context":"https:\/\/schema.org","@graph":[{"@type":"WebPage","@id":"https:\/\/asdinclusion.fr\/therapeute\/therapie-jeu\/","url":"https:\/\/asdinclusion.fr\/therapeute\/therapie-jeu\/","name":"Therapie jeu - ASD INCLUSION","isPartOf":{"@id":"https:\/\/asdinclusion.fr\/therapeute\/#website"},"primaryImageOfPage":{"@id":"https:\/\/asdinclusion.fr\/therapeute\/therapie-jeu\/#primaryimage"},"image":{"@id":"https:\/\/asdinclusion.fr\/therapeute\/therapie-jeu\/#primaryimage"},"thumbnailUrl":"https:\/\/asdinclusion.fr\/therapeute\/wp-content\/uploads\/2025\/06\/PHOTO-2025-06-27-18-10-02.jpg","datePublished":"2025-06-30T13:56:17+00:00","dateModified":"2025-06-30T15:31:30+00:00","breadcrumb":{"@id":"https:\/\/asdinclusion.fr\/therapeute\/therapie-jeu\/#breadcrumb"},"inLanguage":"fr-FR","potentialAction":[{"@type":"ReadAction","target":["https:\/\/asdinclusion.fr\/therapeute\/therapie-jeu\/"]}]},{"@type":"ImageObject","inLanguage":"fr-FR","@id":"https:\/\/asdinclusion.fr\/therapeute\/therapie-jeu\/#primaryimage","url":"https:\/\/asdinclusion.fr\/therapeute\/wp-content\/uploads\/2025\/06\/PHOTO-2025-06-27-18-10-02.jpg","contentUrl":"https:\/\/asdinclusion.fr\/therapeute\/wp-content\/uploads\/2025\/06\/PHOTO-2025-06-27-18-10-02.jpg","width":612,"height":490},{"@type":"BreadcrumbList","@id":"https:\/\/asdinclusion.fr\/therapeute\/therapie-jeu\/#breadcrumb","itemListElement":[{"@type":"ListItem","position":1,"name":"Accueil","item":"https:\/\/asdinclusion.fr\/therapeute\/"},{"@type":"ListItem","position":2,"name":"Therapie jeu"}]},{"@type":"WebSite","@id":"https:\/\/asdinclusion.fr\/therapeute\/#website","url":"https:\/\/asdinclusion.fr\/therapeute\/","name":"https:\/\/asdinclusion.fr\/","description":"Th\u00e9rapeute pour enfants autistes","publisher":{"@id":"https:\/\/asdinclusion.fr\/therapeute\/#\/schema\/person\/0666669898efe0387cad123cc29f5c83"},"potentialAction":[{"@type":"SearchAction","target":{"@type":"EntryPoint","urlTemplate":"https:\/\/asdinclusion.fr\/therapeute\/?s={search_term_string}"},"query-input":{"@type":"PropertyValueSpecification","valueRequired":true,"valueName":"search_term_string"}}],"inLanguage":"fr-FR"},{"@type":["Person","Organization"],"@id":"https:\/\/asdinclusion.fr\/therapeute\/#\/schema\/person\/0666669898efe0387cad123cc29f5c83","name":"asdjohannaowen","image":{"@type":"ImageObject","inLanguage":"fr-FR","@id":"https:\/\/asdinclusion.fr\/therapeute\/wp-content\/uploads\/2025\/03\/LOGOASD.png","url":"https:\/\/asdinclusion.fr\/therapeute\/wp-content\/uploads\/2025\/03\/LOGOASD.png","contentUrl":"https:\/\/asdinclusion.fr\/therapeute\/wp-content\/uploads\/2025\/03\/LOGOASD.png","width":250,"height":97,"caption":"asdjohannaowen"},"logo":{"@id":"https:\/\/asdinclusion.fr\/therapeute\/wp-content\/uploads\/2025\/03\/LOGOASD.png"},"sameAs":["https:\/\/asdinclusion.fr\/therapeute\/"]}]}},"_links":{"self":[{"href":"https:\/\/asdinclusion.fr\/therapeute\/wp-json\/wp\/v2\/pages\/174","targetHints":{"allow":["GET"]}}],"collection":[{"href":"https:\/\/asdinclusion.fr\/therapeute\/wp-json\/wp\/v2\/pages"}],"about":[{"href":"https:\/\/asdinclusion.fr\/therapeute\/wp-json\/wp\/v2\/types\/page"}],"author":[{"embeddable":true,"href":"https:\/\/asdinclusion.fr\/therapeute\/wp-json\/wp\/v2\/users\/1"}],"replies":[{"embeddable":true,"href":"https:\/\/asdinclusion.fr\/therapeute\/wp-json\/wp\/v2\/comments?post=174"}],"version-history":[{"count":25,"href":"https:\/\/asdinclusion.fr\/therapeute\/wp-json\/wp\/v2\/pages\/174\/revisions"}],"predecessor-version":[{"id":231,"href":"https:\/\/asdinclusion.fr\/therapeute\/wp-json\/wp\/v2\/pages\/174\/revisions\/231"}],"wp:attachment":[{"href":"https:\/\/asdinclusion.fr\/therapeute\/wp-json\/wp\/v2\/media?parent=174"}],"curies":[{"name":"wp","href":"https:\/\/api.w.org\/{rel}","templated":true}]}}