{"id":176,"date":"2025-06-30T15:57:06","date_gmt":"2025-06-30T13:57:06","guid":{"rendered":"https:\/\/asdinclusion.fr\/therapeute\/?page_id=176"},"modified":"2025-06-30T16:07:04","modified_gmt":"2025-06-30T14:07:04","slug":"therapie-infantile","status":"publish","type":"page","link":"https:\/\/asdinclusion.fr\/therapeute\/therapie-infantile\/","title":{"rendered":"therapie infantile"},"content":{"rendered":"\t\t<div data-elementor-type=\"wp-page\" data-elementor-id=\"176\" class=\"elementor elementor-176\">\n\t\t\t\t<div class=\"elementor-element elementor-element-fd9fb83 e-flex e-con-boxed e-con e-parent\" data-id=\"fd9fb83\" data-element_type=\"container\" data-e-type=\"container\">\n\t\t\t\t\t<div class=\"e-con-inner\">\n\t\t\t\t<div class=\"elementor-element elementor-element-de96644 elementor-widget elementor-widget-text-editor\" data-id=\"de96644\" data-element_type=\"widget\" data-e-type=\"widget\" data-widget_type=\"text-editor.default\">\n\t\t\t\t<div class=\"elementor-widget-container\">\n\t\t\t\t\t\t\t\t\t<p><strong>La Th\u00e9rapie par le Jeu : Un soutien pour votre enfant<\/strong><\/p><p data-start=\"156\" data-end=\"449\">La th\u00e9rapie par le jeu est une m\u00e9thode utilis\u00e9e pour aider les enfants \u00e0 exprimer ce qu\u2019ils ressentent \u00e0 l\u2019int\u00e9rieur, m\u00eame quand ils n\u2019arrivent pas toujours \u00e0 mettre des mots sur leurs \u00e9motions. Gr\u00e2ce au jeu, l\u2019enfant peut montrer ses pens\u00e9es et ses \u00e9motions de mani\u00e8re naturelle et s\u00e9curis\u00e9e.<\/p><p data-start=\"451\" data-end=\"679\">Cette approche aide l\u2019enfant \u00e0 mieux comprendre et g\u00e9rer ses \u00e9motions, \u00e0 r\u00e9soudre ses difficult\u00e9s, et \u00e0 d\u00e9velopper des comp\u00e9tences importantes comme la r\u00e9gulation \u00e9motionnelle, la r\u00e9solution de probl\u00e8mes, et la confiance en soi.<\/p><p data-start=\"681\" data-end=\"721\"><strong data-start=\"681\" data-end=\"721\">\u00c0 quoi sert la th\u00e9rapie par le jeu ?<\/strong><\/p><p data-start=\"723\" data-end=\"830\">Elle est particuli\u00e8rement utile pour accompagner les enfants qui rencontrent des difficult\u00e9s telles que :<\/p><ul><li data-start=\"833\" data-end=\"872\">Trouble du spectre de l\u2019autisme (TSA)<\/li><li data-start=\"875\" data-end=\"944\">Trouble du d\u00e9ficit de l\u2019attention avec ou sans hyperactivit\u00e9 (TDAH)<\/li><li data-start=\"947\" data-end=\"1010\">Difficult\u00e9s \u00e0 g\u00e9rer leurs \u00e9motions (col\u00e8res, crises, anxi\u00e9t\u00e9)<\/li><li data-start=\"1013\" data-end=\"1048\">Anxi\u00e9t\u00e9 et inqui\u00e9tudes fr\u00e9quentes<\/li><li data-start=\"1051\" data-end=\"1117\">Difficult\u00e9s \u00e0 se faire des amis ou \u00e0 jouer avec d\u2019autres enfants<\/li><li data-start=\"1120\" data-end=\"1192\">Mutisme s\u00e9lectif (l\u2019enfant parle peu ou pas dans certaines situations)<\/li><li data-start=\"1195\" data-end=\"1245\">Suite \u00e0 un traumatisme ou un \u00e9v\u00e9nement difficile<\/li><li data-start=\"1248\" data-end=\"1292\">Adaptation \u00e0 des changements dans leur vie<\/li><\/ul><p data-start=\"1294\" data-end=\"1324\"><strong data-start=\"1294\" data-end=\"1324\">Pourquoi c\u2019est important ?<\/strong><\/p><p data-start=\"1326\" data-end=\"1513\">En aidant votre enfant \u00e0 comprendre ce qu\u2019il ressent et \u00e0 mieux g\u00e9rer ses \u00e9motions, la th\u00e9rapie par le jeu favorise son bien-\u00eatre, sa r\u00e9ussite \u00e0 l\u2019\u00e9cole, et ses relations avec les autres.<\/p><p data-start=\"1326\" data-end=\"1513\">\u00a0<\/p><p><strong>Bienfaits de la th\u00e9rapie par le jeu<\/strong><\/p><ul><li>d\u00e9veloppe les comp\u00e9tences d\u2019adaptation<\/li><li>am\u00e9liore les comp\u00e9tences sociales<\/li><li>r\u00e9duit l\u2019anxi\u00e9t\u00e9 et le stress<\/li><li>augmente la conscience de soi<\/li><li>favorise le r\u00e9tablissement apr\u00e8s un traumatisme<\/li><li>renforce l\u2019expression \u00e9motionnelle<\/li><li>d\u00e9veloppe l\u2019estime de soi et la confiance en soi<\/li><li>encourage la r\u00e9solution de probl\u00e8mes et la cr\u00e9ativit\u00e9<\/li><\/ul>\t\t\t\t\t\t\t\t<\/div>\n\t\t\t\t<\/div>\n\t\t\t\t\t<\/div>\n\t\t\t\t<\/div>\n\t\t<div class=\"elementor-element elementor-element-c6353fc e-flex e-con-boxed e-con e-parent\" data-id=\"c6353fc\" data-element_type=\"container\" data-e-type=\"container\">\n\t\t\t\t\t<div class=\"e-con-inner\">\n\t\t\t\t<div class=\"elementor-element elementor-element-514f608 elementor-widget elementor-widget-image\" data-id=\"514f608\" data-element_type=\"widget\" data-e-type=\"widget\" data-widget_type=\"image.default\">\n\t\t\t\t<div class=\"elementor-widget-container\">\n\t\t\t\t\t\t\t\t\t\t\t\t\t\t\t<img fetchpriority=\"high\" decoding=\"async\" width=\"900\" height=\"900\" src=\"https:\/\/asdinclusion.fr\/therapeute\/wp-content\/uploads\/2025\/06\/PHOTO-2025-06-27-18-10-20.jpg\" class=\"attachment-large size-large wp-image-195\" alt=\"\" srcset=\"https:\/\/asdinclusion.fr\/therapeute\/wp-content\/uploads\/2025\/06\/PHOTO-2025-06-27-18-10-20.jpg 900w, https:\/\/asdinclusion.fr\/therapeute\/wp-content\/uploads\/2025\/06\/PHOTO-2025-06-27-18-10-20-300x300.jpg 300w, https:\/\/asdinclusion.fr\/therapeute\/wp-content\/uploads\/2025\/06\/PHOTO-2025-06-27-18-10-20-150x150.jpg 150w, https:\/\/asdinclusion.fr\/therapeute\/wp-content\/uploads\/2025\/06\/PHOTO-2025-06-27-18-10-20-768x768.jpg 768w\" sizes=\"(max-width: 900px) 100vw, 900px\" \/>\t\t\t\t\t\t\t\t\t\t\t\t\t\t\t<\/div>\n\t\t\t\t<\/div>\n\t\t\t\t\t<\/div>\n\t\t\t\t<\/div>\n\t\t\t\t<\/div>\n\t\t","protected":false},"excerpt":{"rendered":"<p>La Th\u00e9rapie par le Jeu : Un soutien pour votre enfant La th\u00e9rapie par le jeu est une m\u00e9thode utilis\u00e9e [&hellip;]<\/p>\n","protected":false},"author":1,"featured_media":0,"parent":0,"menu_order":0,"comment_status":"closed","ping_status":"closed","template":"","meta":{"site-sidebar-layout":"no-sidebar","site-content-layout":"","ast-site-content-layout":"full-width-container","site-content-style":"default","site-sidebar-style":"default","ast-global-header-display":"","ast-banner-title-visibility":"","ast-main-header-display":"","ast-hfb-above-header-display":"","ast-hfb-below-header-display":"","ast-hfb-mobile-header-display":"","site-post-title":"disabled","ast-breadcrumbs-content":"","ast-featured-img":"disabled","footer-sml-layout":"","theme-transparent-header-meta":"","adv-header-id-meta":"","stick-header-meta":"","header-above-stick-meta":"","header-main-stick-meta":"","header-below-stick-meta":"","astra-migrate-meta-layouts":"default","ast-page-background-enabled":"default","ast-page-background-meta":{"desktop":{"background-color":"var(--ast-global-color-4)","background-image":"","background-repeat":"repeat","background-position":"center center","background-size":"auto","background-attachment":"scroll","background-type":"","background-media":"","overlay-type":"","overlay-color":"","overlay-opacity":"","overlay-gradient":""},"tablet":{"background-color":"","background-image":"","background-repeat":"repeat","background-position":"center center","background-size":"auto","background-attachment":"scroll","background-type":"","background-media":"","overlay-type":"","overlay-color":"","overlay-opacity":"","overlay-gradient":""},"mobile":{"background-color":"","background-image":"","background-repeat":"repeat","background-position":"center center","background-size":"auto","background-attachment":"scroll","background-type":"","background-media":"","overlay-type":"","overlay-color":"","overlay-opacity":"","overlay-gradient":""}},"ast-content-background-meta":{"desktop":{"background-color":"var(--ast-global-color-5)","background-image":"","background-repeat":"repeat","background-position":"center center","background-size":"auto","background-attachment":"scroll","background-type":"","background-media":"","overlay-type":"","overlay-color":"","overlay-opacity":"","overlay-gradient":""},"tablet":{"background-color":"var(--ast-global-color-5)","background-image":"","background-repeat":"repeat","background-position":"center center","background-size":"auto","background-attachment":"scroll","background-type":"","background-media":"","overlay-type":"","overlay-color":"","overlay-opacity":"","overlay-gradient":""},"mobile":{"background-color":"var(--ast-global-color-5)","background-image":"","background-repeat":"repeat","background-position":"center center","background-size":"auto","background-attachment":"scroll","background-type":"","background-media":"","overlay-type":"","overlay-color":"","overlay-opacity":"","overlay-gradient":""}},"footnotes":""},"class_list":["post-176","page","type-page","status-publish","hentry"],"yoast_head":"<!-- This site is optimized with the Yoast SEO plugin v27.5 - https:\/\/yoast.com\/product\/yoast-seo-wordpress\/ -->\n<title>therapie infantile - ASD INCLUSION<\/title>\n<meta name=\"robots\" content=\"index, follow, max-snippet:-1, max-image-preview:large, max-video-preview:-1\" \/>\n<link rel=\"canonical\" href=\"https:\/\/asdinclusion.fr\/therapeute\/therapie-infantile\/\" \/>\n<meta property=\"og:locale\" content=\"fr_FR\" \/>\n<meta property=\"og:type\" content=\"article\" \/>\n<meta property=\"og:title\" content=\"therapie infantile - ASD INCLUSION\" \/>\n<meta property=\"og:description\" content=\"La Th\u00e9rapie par le Jeu : Un soutien pour votre enfant La th\u00e9rapie par le jeu est une m\u00e9thode utilis\u00e9e [&hellip;]\" \/>\n<meta property=\"og:url\" content=\"https:\/\/asdinclusion.fr\/therapeute\/therapie-infantile\/\" \/>\n<meta property=\"og:site_name\" content=\"ASD INCLUSION\" \/>\n<meta property=\"article:modified_time\" content=\"2025-06-30T14:07:04+00:00\" \/>\n<meta property=\"og:image\" content=\"https:\/\/asdinclusion.fr\/therapeute\/wp-content\/uploads\/2025\/06\/PHOTO-2025-06-27-18-10-20.jpg\" \/>\n\t<meta property=\"og:image:width\" content=\"900\" \/>\n\t<meta property=\"og:image:height\" content=\"900\" \/>\n\t<meta property=\"og:image:type\" content=\"image\/jpeg\" \/>\n<meta name=\"twitter:card\" content=\"summary_large_image\" \/>\n<meta name=\"twitter:label1\" content=\"Dur\u00e9e de lecture estim\u00e9e\" \/>\n\t<meta name=\"twitter:data1\" content=\"2 minutes\" \/>\n<script type=\"application\/ld+json\" class=\"yoast-schema-graph\">{\"@context\":\"https:\\\/\\\/schema.org\",\"@graph\":[{\"@type\":\"WebPage\",\"@id\":\"https:\\\/\\\/asdinclusion.fr\\\/therapeute\\\/therapie-infantile\\\/\",\"url\":\"https:\\\/\\\/asdinclusion.fr\\\/therapeute\\\/therapie-infantile\\\/\",\"name\":\"therapie infantile - ASD INCLUSION\",\"isPartOf\":{\"@id\":\"https:\\\/\\\/asdinclusion.fr\\\/therapeute\\\/#website\"},\"primaryImageOfPage\":{\"@id\":\"https:\\\/\\\/asdinclusion.fr\\\/therapeute\\\/therapie-infantile\\\/#primaryimage\"},\"image\":{\"@id\":\"https:\\\/\\\/asdinclusion.fr\\\/therapeute\\\/therapie-infantile\\\/#primaryimage\"},\"thumbnailUrl\":\"https:\\\/\\\/asdinclusion.fr\\\/therapeute\\\/wp-content\\\/uploads\\\/2025\\\/06\\\/PHOTO-2025-06-27-18-10-20.jpg\",\"datePublished\":\"2025-06-30T13:57:06+00:00\",\"dateModified\":\"2025-06-30T14:07:04+00:00\",\"breadcrumb\":{\"@id\":\"https:\\\/\\\/asdinclusion.fr\\\/therapeute\\\/therapie-infantile\\\/#breadcrumb\"},\"inLanguage\":\"fr-FR\",\"potentialAction\":[{\"@type\":\"ReadAction\",\"target\":[\"https:\\\/\\\/asdinclusion.fr\\\/therapeute\\\/therapie-infantile\\\/\"]}]},{\"@type\":\"ImageObject\",\"inLanguage\":\"fr-FR\",\"@id\":\"https:\\\/\\\/asdinclusion.fr\\\/therapeute\\\/therapie-infantile\\\/#primaryimage\",\"url\":\"https:\\\/\\\/asdinclusion.fr\\\/therapeute\\\/wp-content\\\/uploads\\\/2025\\\/06\\\/PHOTO-2025-06-27-18-10-20.jpg\",\"contentUrl\":\"https:\\\/\\\/asdinclusion.fr\\\/therapeute\\\/wp-content\\\/uploads\\\/2025\\\/06\\\/PHOTO-2025-06-27-18-10-20.jpg\",\"width\":900,\"height\":900},{\"@type\":\"BreadcrumbList\",\"@id\":\"https:\\\/\\\/asdinclusion.fr\\\/therapeute\\\/therapie-infantile\\\/#breadcrumb\",\"itemListElement\":[{\"@type\":\"ListItem\",\"position\":1,\"name\":\"Accueil\",\"item\":\"https:\\\/\\\/asdinclusion.fr\\\/therapeute\\\/\"},{\"@type\":\"ListItem\",\"position\":2,\"name\":\"therapie infantile\"}]},{\"@type\":\"WebSite\",\"@id\":\"https:\\\/\\\/asdinclusion.fr\\\/therapeute\\\/#website\",\"url\":\"https:\\\/\\\/asdinclusion.fr\\\/therapeute\\\/\",\"name\":\"https:\\\/\\\/asdinclusion.fr\\\/\",\"description\":\"Th\u00e9rapeute pour enfants autistes\",\"publisher\":{\"@id\":\"https:\\\/\\\/asdinclusion.fr\\\/therapeute\\\/#\\\/schema\\\/person\\\/0666669898efe0387cad123cc29f5c83\"},\"potentialAction\":[{\"@type\":\"SearchAction\",\"target\":{\"@type\":\"EntryPoint\",\"urlTemplate\":\"https:\\\/\\\/asdinclusion.fr\\\/therapeute\\\/?s={search_term_string}\"},\"query-input\":{\"@type\":\"PropertyValueSpecification\",\"valueRequired\":true,\"valueName\":\"search_term_string\"}}],\"inLanguage\":\"fr-FR\"},{\"@type\":[\"Person\",\"Organization\"],\"@id\":\"https:\\\/\\\/asdinclusion.fr\\\/therapeute\\\/#\\\/schema\\\/person\\\/0666669898efe0387cad123cc29f5c83\",\"name\":\"asdjohannaowen\",\"image\":{\"@type\":\"ImageObject\",\"inLanguage\":\"fr-FR\",\"@id\":\"https:\\\/\\\/asdinclusion.fr\\\/therapeute\\\/wp-content\\\/uploads\\\/2025\\\/03\\\/LOGOASD.png\",\"url\":\"https:\\\/\\\/asdinclusion.fr\\\/therapeute\\\/wp-content\\\/uploads\\\/2025\\\/03\\\/LOGOASD.png\",\"contentUrl\":\"https:\\\/\\\/asdinclusion.fr\\\/therapeute\\\/wp-content\\\/uploads\\\/2025\\\/03\\\/LOGOASD.png\",\"width\":250,\"height\":97,\"caption\":\"asdjohannaowen\"},\"logo\":{\"@id\":\"https:\\\/\\\/asdinclusion.fr\\\/therapeute\\\/wp-content\\\/uploads\\\/2025\\\/03\\\/LOGOASD.png\"},\"sameAs\":[\"https:\\\/\\\/asdinclusion.fr\\\/therapeute\\\/\"]}]}<\/script>\n<!-- \/ Yoast SEO plugin. -->","yoast_head_json":{"title":"therapie infantile - ASD INCLUSION","robots":{"index":"index","follow":"follow","max-snippet":"max-snippet:-1","max-image-preview":"max-image-preview:large","max-video-preview":"max-video-preview:-1"},"canonical":"https:\/\/asdinclusion.fr\/therapeute\/therapie-infantile\/","og_locale":"fr_FR","og_type":"article","og_title":"therapie infantile - ASD INCLUSION","og_description":"La Th\u00e9rapie par le Jeu : Un soutien pour votre enfant La th\u00e9rapie par le jeu est une m\u00e9thode utilis\u00e9e [&hellip;]","og_url":"https:\/\/asdinclusion.fr\/therapeute\/therapie-infantile\/","og_site_name":"ASD INCLUSION","article_modified_time":"2025-06-30T14:07:04+00:00","og_image":[{"width":900,"height":900,"url":"https:\/\/asdinclusion.fr\/therapeute\/wp-content\/uploads\/2025\/06\/PHOTO-2025-06-27-18-10-20.jpg","type":"image\/jpeg"}],"twitter_card":"summary_large_image","twitter_misc":{"Dur\u00e9e de lecture estim\u00e9e":"2 minutes"},"schema":{"@context":"https:\/\/schema.org","@graph":[{"@type":"WebPage","@id":"https:\/\/asdinclusion.fr\/therapeute\/therapie-infantile\/","url":"https:\/\/asdinclusion.fr\/therapeute\/therapie-infantile\/","name":"therapie infantile - ASD INCLUSION","isPartOf":{"@id":"https:\/\/asdinclusion.fr\/therapeute\/#website"},"primaryImageOfPage":{"@id":"https:\/\/asdinclusion.fr\/therapeute\/therapie-infantile\/#primaryimage"},"image":{"@id":"https:\/\/asdinclusion.fr\/therapeute\/therapie-infantile\/#primaryimage"},"thumbnailUrl":"https:\/\/asdinclusion.fr\/therapeute\/wp-content\/uploads\/2025\/06\/PHOTO-2025-06-27-18-10-20.jpg","datePublished":"2025-06-30T13:57:06+00:00","dateModified":"2025-06-30T14:07:04+00:00","breadcrumb":{"@id":"https:\/\/asdinclusion.fr\/therapeute\/therapie-infantile\/#breadcrumb"},"inLanguage":"fr-FR","potentialAction":[{"@type":"ReadAction","target":["https:\/\/asdinclusion.fr\/therapeute\/therapie-infantile\/"]}]},{"@type":"ImageObject","inLanguage":"fr-FR","@id":"https:\/\/asdinclusion.fr\/therapeute\/therapie-infantile\/#primaryimage","url":"https:\/\/asdinclusion.fr\/therapeute\/wp-content\/uploads\/2025\/06\/PHOTO-2025-06-27-18-10-20.jpg","contentUrl":"https:\/\/asdinclusion.fr\/therapeute\/wp-content\/uploads\/2025\/06\/PHOTO-2025-06-27-18-10-20.jpg","width":900,"height":900},{"@type":"BreadcrumbList","@id":"https:\/\/asdinclusion.fr\/therapeute\/therapie-infantile\/#breadcrumb","itemListElement":[{"@type":"ListItem","position":1,"name":"Accueil","item":"https:\/\/asdinclusion.fr\/therapeute\/"},{"@type":"ListItem","position":2,"name":"therapie infantile"}]},{"@type":"WebSite","@id":"https:\/\/asdinclusion.fr\/therapeute\/#website","url":"https:\/\/asdinclusion.fr\/therapeute\/","name":"https:\/\/asdinclusion.fr\/","description":"Th\u00e9rapeute pour enfants autistes","publisher":{"@id":"https:\/\/asdinclusion.fr\/therapeute\/#\/schema\/person\/0666669898efe0387cad123cc29f5c83"},"potentialAction":[{"@type":"SearchAction","target":{"@type":"EntryPoint","urlTemplate":"https:\/\/asdinclusion.fr\/therapeute\/?s={search_term_string}"},"query-input":{"@type":"PropertyValueSpecification","valueRequired":true,"valueName":"search_term_string"}}],"inLanguage":"fr-FR"},{"@type":["Person","Organization"],"@id":"https:\/\/asdinclusion.fr\/therapeute\/#\/schema\/person\/0666669898efe0387cad123cc29f5c83","name":"asdjohannaowen","image":{"@type":"ImageObject","inLanguage":"fr-FR","@id":"https:\/\/asdinclusion.fr\/therapeute\/wp-content\/uploads\/2025\/03\/LOGOASD.png","url":"https:\/\/asdinclusion.fr\/therapeute\/wp-content\/uploads\/2025\/03\/LOGOASD.png","contentUrl":"https:\/\/asdinclusion.fr\/therapeute\/wp-content\/uploads\/2025\/03\/LOGOASD.png","width":250,"height":97,"caption":"asdjohannaowen"},"logo":{"@id":"https:\/\/asdinclusion.fr\/therapeute\/wp-content\/uploads\/2025\/03\/LOGOASD.png"},"sameAs":["https:\/\/asdinclusion.fr\/therapeute\/"]}]}},"_links":{"self":[{"href":"https:\/\/asdinclusion.fr\/therapeute\/wp-json\/wp\/v2\/pages\/176","targetHints":{"allow":["GET"]}}],"collection":[{"href":"https:\/\/asdinclusion.fr\/therapeute\/wp-json\/wp\/v2\/pages"}],"about":[{"href":"https:\/\/asdinclusion.fr\/therapeute\/wp-json\/wp\/v2\/types\/page"}],"author":[{"embeddable":true,"href":"https:\/\/asdinclusion.fr\/therapeute\/wp-json\/wp\/v2\/users\/1"}],"replies":[{"embeddable":true,"href":"https:\/\/asdinclusion.fr\/therapeute\/wp-json\/wp\/v2\/comments?post=176"}],"version-history":[{"count":10,"href":"https:\/\/asdinclusion.fr\/therapeute\/wp-json\/wp\/v2\/pages\/176\/revisions"}],"predecessor-version":[{"id":198,"href":"https:\/\/asdinclusion.fr\/therapeute\/wp-json\/wp\/v2\/pages\/176\/revisions\/198"}],"wp:attachment":[{"href":"https:\/\/asdinclusion.fr\/therapeute\/wp-json\/wp\/v2\/media?parent=176"}],"curies":[{"name":"wp","href":"https:\/\/api.w.org\/{rel}","templated":true}]}}